{"id":661,"date":"2021-08-28T05:18:24","date_gmt":"2021-08-28T09:18:24","guid":{"rendered":"https:\/\/gorecellca.wpengine.com\/step-flow\/"},"modified":"2023-05-25T11:33:32","modified_gmt":"2023-05-25T15:33:32","slug":"step-flow","status":"publish","type":"page","link":"https:\/\/gorecell.ca\/fr\/step-flow\/","title":{"rendered":"Step Flow"},"content":{"rendered":"","protected":false},"excerpt":{"rendered":"","protected":false},"author":2,"featured_media":0,"parent":0,"menu_order":0,"comment_status":"closed","ping_status":"closed","template":"page-templates\/step.php","meta":{"_acf_changed":false,"footnotes":""},"class_list":["post-661","page","type-page","status-publish","hentry"],"acf":[],"yoast_head":"<!-- This site is optimized with the Yoast SEO plugin v26.0 - https:\/\/yoast.com\/wordpress\/plugins\/seo\/ -->\n<title>Vendez vos appareils usag\u00e9s | Toronto &amp; Montr\u00e9al | GoRecell<\/title>\n<meta name=\"description\" content=\"Nous achetons des appareils usag\u00e9s en toutes conditions! \u00c9vitez les risques et les tracas li\u00e9s aux petites annonces et recevez votre paiement rapidement!\" \/>\n<meta name=\"robots\" content=\"index, follow, max-snippet:-1, max-image-preview:large, max-video-preview:-1\" \/>\n<link rel=\"canonical\" href=\"https:\/\/gorecell.ca\/fr\/step-flow\/\" \/>\n<meta property=\"og:locale\" content=\"fr_FR\" \/>\n<meta property=\"og:type\" content=\"article\" \/>\n<meta property=\"og:title\" content=\"Vendez vos appareils usag\u00e9s | Toronto &amp; Montr\u00e9al | GoRecell\" \/>\n<meta property=\"og:description\" content=\"Nous achetons des appareils usag\u00e9s en toutes conditions! \u00c9vitez les risques et les tracas li\u00e9s aux petites annonces et recevez votre paiement rapidement!\" \/>\n<meta property=\"og:url\" content=\"https:\/\/gorecell.ca\/fr\/step-flow\/\" \/>\n<meta property=\"og:site_name\" content=\"Go Recell\" \/>\n<meta property=\"article:publisher\" content=\"https:\/\/www.facebook.com\/Gorecellca\/\" \/>\n<meta property=\"article:modified_time\" content=\"2023-05-25T15:33:32+00:00\" \/>\n<meta property=\"og:image\" content=\"https:\/\/gorecell.ca\/wp-content\/uploads\/2023\/05\/Share-image-EN.png\" \/>\n\t<meta property=\"og:image:width\" content=\"1200\" \/>\n\t<meta property=\"og:image:height\" content=\"630\" \/>\n\t<meta property=\"og:image:type\" content=\"image\/png\" \/>\n<meta name=\"twitter:card\" content=\"summary_large_image\" \/>\n<meta name=\"twitter:site\" content=\"@gorecell\" \/>\n<script type=\"application\/ld+json\" class=\"yoast-schema-graph\">{\"@context\":\"https:\/\/schema.org\",\"@graph\":[{\"@type\":\"WebPage\",\"@id\":\"https:\/\/gorecell.ca\/fr\/step-flow\/\",\"url\":\"https:\/\/gorecell.ca\/fr\/step-flow\/\",\"name\":\"Vendez vos appareils usag\u00e9s | Toronto & Montr\u00e9al | GoRecell\",\"isPartOf\":{\"@id\":\"https:\/\/gorecell.ca\/#website\"},\"datePublished\":\"2021-08-28T09:18:24+00:00\",\"dateModified\":\"2023-05-25T15:33:32+00:00\",\"description\":\"Nous achetons des appareils usag\u00e9s en toutes conditions! \u00c9vitez les risques et les tracas li\u00e9s aux petites annonces et recevez votre paiement rapidement!\",\"breadcrumb\":{\"@id\":\"https:\/\/gorecell.ca\/fr\/step-flow\/#breadcrumb\"},\"inLanguage\":\"fr-FR\",\"potentialAction\":[{\"@type\":\"ReadAction\",\"target\":[\"https:\/\/gorecell.ca\/fr\/step-flow\/\"]}]},{\"@type\":\"BreadcrumbList\",\"@id\":\"https:\/\/gorecell.ca\/fr\/step-flow\/#breadcrumb\",\"itemListElement\":[{\"@type\":\"ListItem\",\"position\":1,\"name\":\"Home\",\"item\":\"https:\/\/gorecell.ca\/fr\/\"},{\"@type\":\"ListItem\",\"position\":2,\"name\":\"Step Flow\"}]},{\"@type\":\"WebSite\",\"@id\":\"https:\/\/gorecell.ca\/#website\",\"url\":\"https:\/\/gorecell.ca\/\",\"name\":\"Go Recell\",\"description\":\"We buy old devices. What&#039;s yours worth?\",\"publisher\":{\"@id\":\"https:\/\/gorecell.ca\/#organization\"},\"potentialAction\":[{\"@type\":\"SearchAction\",\"target\":{\"@type\":\"EntryPoint\",\"urlTemplate\":\"https:\/\/gorecell.ca\/?s={search_term_string}\"},\"query-input\":{\"@type\":\"PropertyValueSpecification\",\"valueRequired\":true,\"valueName\":\"search_term_string\"}}],\"inLanguage\":\"fr-FR\"},{\"@type\":\"Organization\",\"@id\":\"https:\/\/gorecell.ca\/#organization\",\"name\":\"GoRecell\",\"url\":\"https:\/\/gorecell.ca\/\",\"logo\":{\"@type\":\"ImageObject\",\"inLanguage\":\"fr-FR\",\"@id\":\"https:\/\/gorecell.ca\/#\/schema\/logo\/image\/\",\"url\":\"https:\/\/gorecell.ca\/wp-content\/uploads\/2023\/05\/site-icon.png\",\"contentUrl\":\"https:\/\/gorecell.ca\/wp-content\/uploads\/2023\/05\/site-icon.png\",\"width\":696,\"height\":696,\"caption\":\"GoRecell\"},\"image\":{\"@id\":\"https:\/\/gorecell.ca\/#\/schema\/logo\/image\/\"},\"sameAs\":[\"https:\/\/www.facebook.com\/Gorecellca\/\",\"https:\/\/x.com\/gorecell\"]}]}<\/script>\n<!-- \/ Yoast SEO plugin. -->","yoast_head_json":{"title":"Vendez vos appareils usag\u00e9s | Toronto & Montr\u00e9al | GoRecell","description":"Nous achetons des appareils usag\u00e9s en toutes conditions! \u00c9vitez les risques et les tracas li\u00e9s aux petites annonces et recevez votre paiement rapidement!","robots":{"index":"index","follow":"follow","max-snippet":"max-snippet:-1","max-image-preview":"max-image-preview:large","max-video-preview":"max-video-preview:-1"},"canonical":"https:\/\/gorecell.ca\/fr\/step-flow\/","og_locale":"fr_FR","og_type":"article","og_title":"Vendez vos appareils usag\u00e9s | Toronto & Montr\u00e9al | GoRecell","og_description":"Nous achetons des appareils usag\u00e9s en toutes conditions! \u00c9vitez les risques et les tracas li\u00e9s aux petites annonces et recevez votre paiement rapidement!","og_url":"https:\/\/gorecell.ca\/fr\/step-flow\/","og_site_name":"Go Recell","article_publisher":"https:\/\/www.facebook.com\/Gorecellca\/","article_modified_time":"2023-05-25T15:33:32+00:00","og_image":[{"width":1200,"height":630,"url":"https:\/\/gorecell.ca\/wp-content\/uploads\/2023\/05\/Share-image-EN.png","type":"image\/png"}],"twitter_card":"summary_large_image","twitter_site":"@gorecell","schema":{"@context":"https:\/\/schema.org","@graph":[{"@type":"WebPage","@id":"https:\/\/gorecell.ca\/fr\/step-flow\/","url":"https:\/\/gorecell.ca\/fr\/step-flow\/","name":"Vendez vos appareils usag\u00e9s | Toronto & Montr\u00e9al | GoRecell","isPartOf":{"@id":"https:\/\/gorecell.ca\/#website"},"datePublished":"2021-08-28T09:18:24+00:00","dateModified":"2023-05-25T15:33:32+00:00","description":"Nous achetons des appareils usag\u00e9s en toutes conditions! \u00c9vitez les risques et les tracas li\u00e9s aux petites annonces et recevez votre paiement rapidement!","breadcrumb":{"@id":"https:\/\/gorecell.ca\/fr\/step-flow\/#breadcrumb"},"inLanguage":"fr-FR","potentialAction":[{"@type":"ReadAction","target":["https:\/\/gorecell.ca\/fr\/step-flow\/"]}]},{"@type":"BreadcrumbList","@id":"https:\/\/gorecell.ca\/fr\/step-flow\/#breadcrumb","itemListElement":[{"@type":"ListItem","position":1,"name":"Home","item":"https:\/\/gorecell.ca\/fr\/"},{"@type":"ListItem","position":2,"name":"Step Flow"}]},{"@type":"WebSite","@id":"https:\/\/gorecell.ca\/#website","url":"https:\/\/gorecell.ca\/","name":"Go Recell","description":"We buy old devices. What&#039;s yours worth?","publisher":{"@id":"https:\/\/gorecell.ca\/#organization"},"potentialAction":[{"@type":"SearchAction","target":{"@type":"EntryPoint","urlTemplate":"https:\/\/gorecell.ca\/?s={search_term_string}"},"query-input":{"@type":"PropertyValueSpecification","valueRequired":true,"valueName":"search_term_string"}}],"inLanguage":"fr-FR"},{"@type":"Organization","@id":"https:\/\/gorecell.ca\/#organization","name":"GoRecell","url":"https:\/\/gorecell.ca\/","logo":{"@type":"ImageObject","inLanguage":"fr-FR","@id":"https:\/\/gorecell.ca\/#\/schema\/logo\/image\/","url":"https:\/\/gorecell.ca\/wp-content\/uploads\/2023\/05\/site-icon.png","contentUrl":"https:\/\/gorecell.ca\/wp-content\/uploads\/2023\/05\/site-icon.png","width":696,"height":696,"caption":"GoRecell"},"image":{"@id":"https:\/\/gorecell.ca\/#\/schema\/logo\/image\/"},"sameAs":["https:\/\/www.facebook.com\/Gorecellca\/","https:\/\/x.com\/gorecell"]}]}},"_links":{"self":[{"href":"https:\/\/gorecell.ca\/fr\/wp-json\/wp\/v2\/pages\/661","targetHints":{"allow":["GET"]}}],"collection":[{"href":"https:\/\/gorecell.ca\/fr\/wp-json\/wp\/v2\/pages"}],"about":[{"href":"https:\/\/gorecell.ca\/fr\/wp-json\/wp\/v2\/types\/page"}],"author":[{"embeddable":true,"href":"https:\/\/gorecell.ca\/fr\/wp-json\/wp\/v2\/users\/2"}],"replies":[{"embeddable":true,"href":"https:\/\/gorecell.ca\/fr\/wp-json\/wp\/v2\/comments?post=661"}],"version-history":[{"count":0,"href":"https:\/\/gorecell.ca\/fr\/wp-json\/wp\/v2\/pages\/661\/revisions"}],"wp:attachment":[{"href":"https:\/\/gorecell.ca\/fr\/wp-json\/wp\/v2\/media?parent=661"}],"curies":[{"name":"wp","href":"https:\/\/api.w.org\/{rel}","templated":true}]}}